{"id":1025,"date":"2015-02-10T19:21:34","date_gmt":"2015-02-10T19:21:34","guid":{"rendered":"https:\/\/www.camp-vransko.com\/dodatna-ponudba\/"},"modified":"2024-06-03T21:10:22","modified_gmt":"2024-06-03T21:10:22","slug":"additional-offer","status":"publish","type":"page","link":"https:\/\/www.camp-vransko.com\/en\/additional-offer\/","title":{"rendered":"Additional offer"},"content":{"rendered":"\t\t<div data-elementor-type=\"wp-page\" data-elementor-id=\"1025\" class=\"elementor elementor-1025 elementor-11\">\n\t\t\t\t\t\t<section class=\"elementor-section elementor-top-section elementor-element elementor-element-407f5a1 elementor-section-height-min-height elementor-section-items-bottom elementor-section-boxed elementor-section-height-default\" data-id=\"407f5a1\" data-element_type=\"section\" data-settings=\"{&quot;background_background&quot;:&quot;classic&quot;}\">\n\t\t\t\t\t\t<div class=\"elementor-container elementor-column-gap-default\">\n\t\t\t\t\t<div class=\"elementor-column elementor-col-100 elementor-top-column elementor-element elementor-element-129da6c\" data-id=\"129da6c\" data-element_type=\"column\" data-settings=\"{&quot;background_background&quot;:&quot;classic&quot;}\">\n\t\t\t<div class=\"elementor-widget-wrap elementor-element-populated\">\n\t\t\t\t\t\t<div class=\"elementor-element elementor-element-55fd920 elementor-widget elementor-widget-heading\" data-id=\"55fd920\" data-element_type=\"widget\" data-widget_type=\"heading.default\">\n\t\t\t\t<div class=\"elementor-widget-container\">\n\t\t\t<style>\/*! elementor - v3.23.0 - 05-08-2024 *\/\n.elementor-heading-title{padding:0;margin:0;line-height:1}.elementor-widget-heading .elementor-heading-title[class*=elementor-size-]>a{color:inherit;font-size:inherit;line-height:inherit}.elementor-widget-heading .elementor-heading-title.elementor-size-small{font-size:15px}.elementor-widget-heading .elementor-heading-title.elementor-size-medium{font-size:19px}.elementor-widget-heading .elementor-heading-title.elementor-size-large{font-size:29px}.elementor-widget-heading .elementor-heading-title.elementor-size-xl{font-size:39px}.elementor-widget-heading .elementor-heading-title.elementor-size-xxl{font-size:59px}<\/style><h2 class=\"elementor-heading-title elementor-size-default\">DODATNA PONUDBA\n<\/h2>\t\t<\/div>\n\t\t\t\t<\/div>\n\t\t\t\t\t<\/div>\n\t\t<\/div>\n\t\t\t\t\t<\/div>\n\t\t<\/section>\n\t\t\t\t<section class=\"elementor-section elementor-top-section elementor-element elementor-element-242f167 elementor-section-boxed elementor-section-height-default elementor-section-height-default\" data-id=\"242f167\" data-element_type=\"section\">\n\t\t\t\t\t\t<div class=\"elementor-container elementor-column-gap-default\">\n\t\t\t\t\t<div class=\"elementor-column elementor-col-50 elementor-top-column elementor-element elementor-element-4ee302b\" data-id=\"4ee302b\" data-element_type=\"column\">\n\t\t\t<div class=\"elementor-widget-wrap elementor-element-populated\">\n\t\t\t\t\t\t<div class=\"elementor-element elementor-element-82a52dd elementor-widget elementor-widget-heading\" data-id=\"82a52dd\" data-element_type=\"widget\" data-widget_type=\"heading.default\">\n\t\t\t\t<div class=\"elementor-widget-container\">\n\t\t\t<h2 class=\"elementor-heading-title elementor-size-default\">Gostilne<\/h2>\t\t<\/div>\n\t\t\t\t<\/div>\n\t\t\t\t<div class=\"elementor-element elementor-element-8e78288 elementor-widget elementor-widget-text-editor\" data-id=\"8e78288\" data-element_type=\"widget\" data-widget_type=\"text-editor.default\">\n\t\t\t\t<div class=\"elementor-widget-container\">\n\t\t\t<style>\/*! elementor - v3.23.0 - 05-08-2024 *\/\n.elementor-widget-text-editor.elementor-drop-cap-view-stacked .elementor-drop-cap{background-color:#69727d;color:#fff}.elementor-widget-text-editor.elementor-drop-cap-view-framed .elementor-drop-cap{color:#69727d;border:3px solid;background-color:transparent}.elementor-widget-text-editor:not(.elementor-drop-cap-view-default) .elementor-drop-cap{margin-top:8px}.elementor-widget-text-editor:not(.elementor-drop-cap-view-default) .elementor-drop-cap-letter{width:1em;height:1em}.elementor-widget-text-editor .elementor-drop-cap{float:left;text-align:center;line-height:1;font-size:50px}.elementor-widget-text-editor .elementor-drop-cap-letter{display:inline-block}<\/style>\t\t\t\t<p>Gostilna Grof, ki obratuje \u017ee od leta 1901 in je bila nedavno prenovljena, se nahaja zgolj 4 km stran od na\u0161ega kampa. Ponuja \u0161irok izbor mesnih, ribjih in zelenjavnih jedi, pic ter tradicionalnih slovenskih jedi. Ve\u010d informacij: <a href=\"http:\/\/gostilna-grof.si\/\" target=\"_blank\" rel=\"noopener\">http:\/\/gostilna-grof.si\/<\/a><\/p>\n<p>Gostilna \u0160oferska mamica je odli\u010dna tradicionalna slovenska gostilna, oddaljena zgolj 3 km od na\u0161ega kampa. Ponuja vse vrste slovenskih jedi in sla\u0161\u010dic in je vsekakor vredna obiska. Ve\u010d informacij: <a href=\"http:\/\/www.soferskamamica.si\" target=\"_blank\" rel=\"noopener\">http:\/\/www.soferskamamica.si<\/a><\/p>\n<p>Picerija Golob\u010dek je najbolj znana picerija na Vranskem, ki gostom ponuja verjetno najbolj\u0161e pice dale\u010d naokoli. Od na\u0161ega kampa je oddaljena zgolj 1km. Ve\u010d informacij: <a href=\"http:\/\/www.golobcek.si\/pizzerija_golobcek.php\" target=\"_blank\" rel=\"noopener\">http:\/\/www.golobcek.si\/pizzerija_golobcek.php<\/a><\/p>\n\t\t\t\t\t\t<\/div>\n\t\t\t\t<\/div>\n\t\t\t\t\t<\/div>\n\t\t<\/div>\n\t\t\t\t<div class=\"elementor-column elementor-col-50 elementor-top-column elementor-element elementor-element-f6ce870\" data-id=\"f6ce870\" data-element_type=\"column\">\n\t\t\t<div class=\"elementor-widget-wrap elementor-element-populated\">\n\t\t\t\t\t\t<div class=\"elementor-element elementor-element-ac4f23a elementor-widget elementor-widget-image\" data-id=\"ac4f23a\" data-element_type=\"widget\" data-widget_type=\"image.default\">\n\t\t\t\t<div class=\"elementor-widget-container\">\n\t\t\t<style>\/*! elementor - v3.23.0 - 05-08-2024 *\/\n.elementor-widget-image{text-align:center}.elementor-widget-image a{display:inline-block}.elementor-widget-image a img[src$=\".svg\"]{width:48px}.elementor-widget-image img{vertical-align:middle;display:inline-block}<\/style>\t\t\t\t\t\t\t\t\t\t<img fetchpriority=\"high\" decoding=\"async\" width=\"550\" height=\"358\" src=\"https:\/\/www.camp-vransko.com\/wp-content\/uploads\/2023\/01\/grof-pizzeria.jpg\" class=\"attachment-large size-large wp-image-1514\" alt=\"\" srcset=\"https:\/\/www.camp-vransko.com\/wp-content\/uploads\/2023\/01\/grof-pizzeria.jpg 550w, https:\/\/www.camp-vransko.com\/wp-content\/uploads\/2023\/01\/grof-pizzeria-300x195.jpg 300w, https:\/\/www.camp-vransko.com\/wp-content\/uploads\/2023\/01\/grof-pizzeria-24x16.jpg 24w, https:\/\/www.camp-vransko.com\/wp-content\/uploads\/2023\/01\/grof-pizzeria-36x23.jpg 36w, https:\/\/www.camp-vransko.com\/wp-content\/uploads\/2023\/01\/grof-pizzeria-48x31.jpg 48w\" sizes=\"(max-width: 550px) 100vw, 550px\" \/>\t\t\t\t\t\t\t\t\t\t\t\t\t<\/div>\n\t\t\t\t<\/div>\n\t\t\t\t\t<\/div>\n\t\t<\/div>\n\t\t\t\t\t<\/div>\n\t\t<\/section>\n\t\t\t\t<section class=\"elementor-section elementor-top-section elementor-element elementor-element-959978e elementor-section-boxed elementor-section-height-default elementor-section-height-default\" data-id=\"959978e\" data-element_type=\"section\">\n\t\t\t\t\t\t<div class=\"elementor-container elementor-column-gap-default\">\n\t\t\t\t\t<div class=\"elementor-column elementor-col-50 elementor-top-column elementor-element elementor-element-a736b4e\" data-id=\"a736b4e\" data-element_type=\"column\">\n\t\t\t<div class=\"elementor-widget-wrap elementor-element-populated\">\n\t\t\t\t\t\t<div class=\"elementor-element elementor-element-4651aae elementor-widget elementor-widget-heading\" data-id=\"4651aae\" data-element_type=\"widget\" data-widget_type=\"heading.default\">\n\t\t\t\t<div class=\"elementor-widget-container\">\n\t\t\t<h2 class=\"elementor-heading-title elementor-size-default\">TURISTI\u010cNE ZNAMENITOSTI\n<\/h2>\t\t<\/div>\n\t\t\t\t<\/div>\n\t\t\t\t<div class=\"elementor-element elementor-element-33897fa elementor-widget elementor-widget-text-editor\" data-id=\"33897fa\" data-element_type=\"widget\" data-widget_type=\"text-editor.default\">\n\t\t\t\t<div class=\"elementor-widget-container\">\n\t\t\t\t\t\t\t<ul>\n<li>Muzej Motociklov Grom na Vranskem (<a href=\"http:\/\/www.muzej-motociklov.com\/\" target=\"_blank\" rel=\"noopener\">http:\/\/www.muzej-motociklov.com\/<\/a>)<\/li>\n<li>Avto-moto center varne vo\u017enje Vransko (<a href=\"https:\/\/www.amzs.si\/cvv\" target=\"_blank\" rel=\"noopener\">https:\/\/www.amzs.si\/cvv<\/a>)<\/li>\n<li>Rimska Nekropola \u0160empeter \u2013 eden najpomembnej\u0161ih arheolo\u0161kih spomenikov v Sloveniji \u2013 <a href=\"http:\/\/www.sloveniaholidays.com\/rimska-nekropola-sempeter-v-savinjski-dolini.html\" target=\"_blank\" rel=\"noopener\">http:\/\/www.sloveniaholidays.com\/rimska-nekropola-sempeter-v-savinjski-dolini.html<\/a><\/li>\n<li>3 milijone let stara jama Pekel \u2013 <a href=\"http:\/\/www.td-sempeter.si\/sl\/narava\/jama-pekel\" target=\"_blank\" rel=\"noopener\">http:\/\/www.td-sempeter.si\/sl\/narava\/jama-pekel<\/a><\/li>\n<li>Ekomuzej Hmeljarstva \u017dalec \u2013 za vse ljubitelje pivovarstva in hmeljarstva. Ve\u010d na <a href=\"http:\/\/www.ekomuzej-hmelj.si\/si\/\" target=\"_blank\" rel=\"noopener\">http:\/\/www.ekomuzej-hmelj.si\/si\/<\/a><\/li>\n<li>Unikatna fontana piva v \u017dalcu (<a href=\"http:\/\/www.turizem-zalec.si\/sl\/imenik\/1225\/fontana-piv-zeleno-zlato\" target=\"_blank\" rel=\"noopener\">http:\/\/www.turizem-zalec.si\/sl\/imenik\/1225\/fontana-piv-zeleno-zlato<\/a>)<\/li>\n<li>Nepozaben park cvetja Mozirski Gaj \u2013 <a href=\"http:\/\/www.mozirskigaj.com\/\" target=\"_blank\" rel=\"noopener\">http:\/\/www.mozirskigaj.com\/<\/a><\/li>\n<li>Center jamskih do\u017eivetij Prapre\u010de \u2013 <a href=\"https:\/\/www.facebook.com\/CaveAdventures\/\" target=\"_blank\" rel=\"noopener\">https:\/\/www.facebook.com\/CaveAdventures\/<\/a><\/li>\n<\/ul>\n\t\t\t\t\t\t<\/div>\n\t\t\t\t<\/div>\n\t\t\t\t\t<\/div>\n\t\t<\/div>\n\t\t\t\t<div class=\"elementor-column elementor-col-50 elementor-top-column elementor-element elementor-element-82d605e\" data-id=\"82d605e\" data-element_type=\"column\">\n\t\t\t<div class=\"elementor-widget-wrap elementor-element-populated\">\n\t\t\t\t\t\t<div class=\"elementor-element elementor-element-b41be80 elementor-widget elementor-widget-image\" data-id=\"b41be80\" data-element_type=\"widget\" data-widget_type=\"image.default\">\n\t\t\t\t<div class=\"elementor-widget-container\">\n\t\t\t\t\t\t\t\t\t\t\t\t\t<img decoding=\"async\" width=\"1024\" height=\"512\" src=\"https:\/\/www.camp-vransko.com\/wp-content\/uploads\/2023\/01\/mozirski-gaj-1024x512.jpg\" class=\"attachment-large size-large wp-image-1516\" alt=\"\" srcset=\"https:\/\/www.camp-vransko.com\/wp-content\/uploads\/2023\/01\/mozirski-gaj-1024x512.jpg 1024w, https:\/\/www.camp-vransko.com\/wp-content\/uploads\/2023\/01\/mozirski-gaj-300x150.jpg 300w, https:\/\/www.camp-vransko.com\/wp-content\/uploads\/2023\/01\/mozirski-gaj-768x384.jpg 768w, https:\/\/www.camp-vransko.com\/wp-content\/uploads\/2023\/01\/mozirski-gaj-1536x768.jpg 1536w, https:\/\/www.camp-vransko.com\/wp-content\/uploads\/2023\/01\/mozirski-gaj-24x12.jpg 24w, https:\/\/www.camp-vransko.com\/wp-content\/uploads\/2023\/01\/mozirski-gaj-36x18.jpg 36w, https:\/\/www.camp-vransko.com\/wp-content\/uploads\/2023\/01\/mozirski-gaj-48x24.jpg 48w, https:\/\/www.camp-vransko.com\/wp-content\/uploads\/2023\/01\/mozirski-gaj.jpg 1920w\" sizes=\"(max-width: 1024px) 100vw, 1024px\" \/>\t\t\t\t\t\t\t\t\t\t\t\t\t<\/div>\n\t\t\t\t<\/div>\n\t\t\t\t\t<\/div>\n\t\t<\/div>\n\t\t\t\t\t<\/div>\n\t\t<\/section>\n\t\t\t\t<section class=\"elementor-section elementor-top-section elementor-element elementor-element-2761e98 elementor-section-boxed elementor-section-height-default elementor-section-height-default\" data-id=\"2761e98\" data-element_type=\"section\">\n\t\t\t\t\t\t<div class=\"elementor-container elementor-column-gap-default\">\n\t\t\t\t\t<div class=\"elementor-column elementor-col-50 elementor-top-column elementor-element elementor-element-1a13608\" data-id=\"1a13608\" data-element_type=\"column\">\n\t\t\t<div class=\"elementor-widget-wrap elementor-element-populated\">\n\t\t\t\t\t\t<div class=\"elementor-element elementor-element-138f565 elementor-widget elementor-widget-heading\" data-id=\"138f565\" data-element_type=\"widget\" data-widget_type=\"heading.default\">\n\t\t\t\t<div class=\"elementor-widget-container\">\n\t\t\t<h2 class=\"elementor-heading-title elementor-size-default\">V slu\u010daju slabega vremena je na voljo nekaj pokritih povr\u0161in.\n\n<\/h2>\t\t<\/div>\n\t\t\t\t<\/div>\n\t\t\t\t\t<\/div>\n\t\t<\/div>\n\t\t\t\t<div class=\"elementor-column elementor-col-50 elementor-top-column elementor-element elementor-element-ff76f6f\" data-id=\"ff76f6f\" data-element_type=\"column\">\n\t\t\t<div class=\"elementor-widget-wrap elementor-element-populated\">\n\t\t\t\t\t\t<div class=\"elementor-element elementor-element-0aa8d8c elementor-widget elementor-widget-image\" data-id=\"0aa8d8c\" data-element_type=\"widget\" data-widget_type=\"image.default\">\n\t\t\t\t<div class=\"elementor-widget-container\">\n\t\t\t\t\t\t\t\t\t\t\t\t\t<img decoding=\"async\" width=\"1024\" height=\"512\" src=\"https:\/\/www.camp-vransko.com\/wp-content\/uploads\/2023\/01\/mozirski-gaj-1024x512.jpg\" class=\"attachment-large size-large wp-image-1516\" alt=\"\" srcset=\"https:\/\/www.camp-vransko.com\/wp-content\/uploads\/2023\/01\/mozirski-gaj-1024x512.jpg 1024w, https:\/\/www.camp-vransko.com\/wp-content\/uploads\/2023\/01\/mozirski-gaj-300x150.jpg 300w, https:\/\/www.camp-vransko.com\/wp-content\/uploads\/2023\/01\/mozirski-gaj-768x384.jpg 768w, https:\/\/www.camp-vransko.com\/wp-content\/uploads\/2023\/01\/mozirski-gaj-1536x768.jpg 1536w, https:\/\/www.camp-vransko.com\/wp-content\/uploads\/2023\/01\/mozirski-gaj-24x12.jpg 24w, https:\/\/www.camp-vransko.com\/wp-content\/uploads\/2023\/01\/mozirski-gaj-36x18.jpg 36w, https:\/\/www.camp-vransko.com\/wp-content\/uploads\/2023\/01\/mozirski-gaj-48x24.jpg 48w, https:\/\/www.camp-vransko.com\/wp-content\/uploads\/2023\/01\/mozirski-gaj.jpg 1920w\" sizes=\"(max-width: 1024px) 100vw, 1024px\" \/>\t\t\t\t\t\t\t\t\t\t\t\t\t<\/div>\n\t\t\t\t<\/div>\n\t\t\t\t\t<\/div>\n\t\t<\/div>\n\t\t\t\t\t<\/div>\n\t\t<\/section>\n\t\t\t\t<\/div>\n\t\t","protected":false},"excerpt":{"rendered":"<p>DODATNA PONUDBA Gostilne Gostilna Grof, ki obratuje \u017ee od leta 1901 in je bila nedavno prenovljena, se nahaja zgolj 4 km stran od na\u0161ega kampa. Ponuja \u0161irok izbor mesnih, ribjih in zelenjavnih jedi, pic ter tradicionalnih slovenskih jedi. Ve\u010d informacij: http:\/\/gostilna-grof.si\/ Gostilna \u0160oferska mamica je odli\u010dna tradicionalna slovenska gostilna, oddaljena zgolj 3 km od na\u0161ega [&hellip;]<\/p>\n","protected":false},"author":1,"featured_media":0,"parent":0,"menu_order":0,"comment_status":"closed","ping_status":"open","template":"elementor_header_footer","meta":{"footnotes":""},"class_list":["post-1025","page","type-page","status-publish","hentry"],"blocksy_meta":{"styles_descriptor":{"styles":{"desktop":"","tablet":"","mobile":""},"google_fonts":[],"version":6}},"yoast_head":"<!-- This site is optimized with the Yoast SEO plugin v23.2 - https:\/\/yoast.com\/wordpress\/plugins\/seo\/ -->\n<title>Additional offer - Kamp Podgrad-Vransko<\/title>\n<meta name=\"robots\" content=\"index, follow, max-snippet:-1, max-image-preview:large, max-video-preview:-1\" \/>\n<link rel=\"canonical\" href=\"https:\/\/www.camp-vransko.com\/dodatna-ponudba\/\" \/>\n<meta property=\"og:locale\" content=\"en_US\" \/>\n<meta property=\"og:type\" content=\"article\" \/>\n<meta property=\"og:title\" content=\"Additional offer - Kamp Podgrad-Vransko\" \/>\n<meta property=\"og:description\" content=\"DODATNA PONUDBA Gostilne Gostilna Grof, ki obratuje \u017ee od leta 1901 in je bila nedavno prenovljena, se nahaja zgolj 4 km stran od na\u0161ega kampa. Ponuja \u0161irok izbor mesnih, ribjih in zelenjavnih jedi, pic ter tradicionalnih slovenskih jedi. Ve\u010d informacij: http:\/\/gostilna-grof.si\/ Gostilna \u0160oferska mamica je odli\u010dna tradicionalna slovenska gostilna, oddaljena zgolj 3 km od na\u0161ega [&hellip;]\" \/>\n<meta property=\"og:url\" content=\"https:\/\/www.camp-vransko.com\/dodatna-ponudba\/\" \/>\n<meta property=\"og:site_name\" content=\"Kamp Podgrad-Vransko\" \/>\n<meta property=\"article:modified_time\" content=\"2024-06-03T21:10:22+00:00\" \/>\n<meta property=\"og:image\" content=\"https:\/\/www.camp-vransko.com\/wp-content\/uploads\/2023\/01\/grof-pizzeria.jpg\" \/>\n<meta name=\"twitter:card\" content=\"summary_large_image\" \/>\n<meta name=\"twitter:label1\" content=\"Est. reading time\" \/>\n\t<meta name=\"twitter:data1\" content=\"2 minutes\" \/>\n<script type=\"application\/ld+json\" class=\"yoast-schema-graph\">{\"@context\":\"https:\/\/schema.org\",\"@graph\":[{\"@type\":\"WebPage\",\"@id\":\"https:\/\/www.camp-vransko.com\/dodatna-ponudba\/\",\"url\":\"https:\/\/www.camp-vransko.com\/dodatna-ponudba\/\",\"name\":\"Additional offer - Kamp Podgrad-Vransko\",\"isPartOf\":{\"@id\":\"https:\/\/www.camp-vransko.com\/#website\"},\"primaryImageOfPage\":{\"@id\":\"https:\/\/www.camp-vransko.com\/dodatna-ponudba\/#primaryimage\"},\"image\":{\"@id\":\"https:\/\/www.camp-vransko.com\/dodatna-ponudba\/#primaryimage\"},\"thumbnailUrl\":\"https:\/\/www.camp-vransko.com\/wp-content\/uploads\/2023\/01\/grof-pizzeria.jpg\",\"datePublished\":\"2015-02-10T19:21:34+00:00\",\"dateModified\":\"2024-06-03T21:10:22+00:00\",\"breadcrumb\":{\"@id\":\"https:\/\/www.camp-vransko.com\/dodatna-ponudba\/#breadcrumb\"},\"inLanguage\":\"en-US\",\"potentialAction\":[{\"@type\":\"ReadAction\",\"target\":[\"https:\/\/www.camp-vransko.com\/dodatna-ponudba\/\"]}]},{\"@type\":\"ImageObject\",\"inLanguage\":\"en-US\",\"@id\":\"https:\/\/www.camp-vransko.com\/dodatna-ponudba\/#primaryimage\",\"url\":\"https:\/\/www.camp-vransko.com\/wp-content\/uploads\/2023\/01\/grof-pizzeria.jpg\",\"contentUrl\":\"https:\/\/www.camp-vransko.com\/wp-content\/uploads\/2023\/01\/grof-pizzeria.jpg\"},{\"@type\":\"BreadcrumbList\",\"@id\":\"https:\/\/www.camp-vransko.com\/dodatna-ponudba\/#breadcrumb\",\"itemListElement\":[{\"@type\":\"ListItem\",\"position\":1,\"name\":\"Home\",\"item\":\"https:\/\/www.camp-vransko.com\/\"},{\"@type\":\"ListItem\",\"position\":2,\"name\":\"Additional offer\"}]},{\"@type\":\"WebSite\",\"@id\":\"https:\/\/www.camp-vransko.com\/#website\",\"url\":\"https:\/\/www.camp-vransko.com\/\",\"name\":\"Kamp Podgrad-Vransko\",\"description\":\"Camp Podgrad-Vransko\",\"potentialAction\":[{\"@type\":\"SearchAction\",\"target\":{\"@type\":\"EntryPoint\",\"urlTemplate\":\"https:\/\/www.camp-vransko.com\/?s={search_term_string}\"},\"query-input\":\"required name=search_term_string\"}],\"inLanguage\":\"en-US\"}]}<\/script>\n<!-- \/ Yoast SEO plugin. -->","yoast_head_json":{"title":"Additional offer - Kamp Podgrad-Vransko","robots":{"index":"index","follow":"follow","max-snippet":"max-snippet:-1","max-image-preview":"max-image-preview:large","max-video-preview":"max-video-preview:-1"},"canonical":"https:\/\/www.camp-vransko.com\/dodatna-ponudba\/","og_locale":"en_US","og_type":"article","og_title":"Additional offer - Kamp Podgrad-Vransko","og_description":"DODATNA PONUDBA Gostilne Gostilna Grof, ki obratuje \u017ee od leta 1901 in je bila nedavno prenovljena, se nahaja zgolj 4 km stran od na\u0161ega kampa. Ponuja \u0161irok izbor mesnih, ribjih in zelenjavnih jedi, pic ter tradicionalnih slovenskih jedi. Ve\u010d informacij: http:\/\/gostilna-grof.si\/ Gostilna \u0160oferska mamica je odli\u010dna tradicionalna slovenska gostilna, oddaljena zgolj 3 km od na\u0161ega [&hellip;]","og_url":"https:\/\/www.camp-vransko.com\/dodatna-ponudba\/","og_site_name":"Kamp Podgrad-Vransko","article_modified_time":"2024-06-03T21:10:22+00:00","og_image":[{"url":"https:\/\/www.camp-vransko.com\/wp-content\/uploads\/2023\/01\/grof-pizzeria.jpg"}],"twitter_card":"summary_large_image","twitter_misc":{"Est. reading time":"2 minutes"},"schema":{"@context":"https:\/\/schema.org","@graph":[{"@type":"WebPage","@id":"https:\/\/www.camp-vransko.com\/dodatna-ponudba\/","url":"https:\/\/www.camp-vransko.com\/dodatna-ponudba\/","name":"Additional offer - Kamp Podgrad-Vransko","isPartOf":{"@id":"https:\/\/www.camp-vransko.com\/#website"},"primaryImageOfPage":{"@id":"https:\/\/www.camp-vransko.com\/dodatna-ponudba\/#primaryimage"},"image":{"@id":"https:\/\/www.camp-vransko.com\/dodatna-ponudba\/#primaryimage"},"thumbnailUrl":"https:\/\/www.camp-vransko.com\/wp-content\/uploads\/2023\/01\/grof-pizzeria.jpg","datePublished":"2015-02-10T19:21:34+00:00","dateModified":"2024-06-03T21:10:22+00:00","breadcrumb":{"@id":"https:\/\/www.camp-vransko.com\/dodatna-ponudba\/#breadcrumb"},"inLanguage":"en-US","potentialAction":[{"@type":"ReadAction","target":["https:\/\/www.camp-vransko.com\/dodatna-ponudba\/"]}]},{"@type":"ImageObject","inLanguage":"en-US","@id":"https:\/\/www.camp-vransko.com\/dodatna-ponudba\/#primaryimage","url":"https:\/\/www.camp-vransko.com\/wp-content\/uploads\/2023\/01\/grof-pizzeria.jpg","contentUrl":"https:\/\/www.camp-vransko.com\/wp-content\/uploads\/2023\/01\/grof-pizzeria.jpg"},{"@type":"BreadcrumbList","@id":"https:\/\/www.camp-vransko.com\/dodatna-ponudba\/#breadcrumb","itemListElement":[{"@type":"ListItem","position":1,"name":"Home","item":"https:\/\/www.camp-vransko.com\/"},{"@type":"ListItem","position":2,"name":"Additional offer"}]},{"@type":"WebSite","@id":"https:\/\/www.camp-vransko.com\/#website","url":"https:\/\/www.camp-vransko.com\/","name":"Kamp Podgrad-Vransko","description":"Camp Podgrad-Vransko","potentialAction":[{"@type":"SearchAction","target":{"@type":"EntryPoint","urlTemplate":"https:\/\/www.camp-vransko.com\/?s={search_term_string}"},"query-input":"required name=search_term_string"}],"inLanguage":"en-US"}]}},"_links":{"self":[{"href":"https:\/\/www.camp-vransko.com\/en\/wp-json\/wp\/v2\/pages\/1025","targetHints":{"allow":["GET"]}}],"collection":[{"href":"https:\/\/www.camp-vransko.com\/en\/wp-json\/wp\/v2\/pages"}],"about":[{"href":"https:\/\/www.camp-vransko.com\/en\/wp-json\/wp\/v2\/types\/page"}],"author":[{"embeddable":true,"href":"https:\/\/www.camp-vransko.com\/en\/wp-json\/wp\/v2\/users\/1"}],"replies":[{"embeddable":true,"href":"https:\/\/www.camp-vransko.com\/en\/wp-json\/wp\/v2\/comments?post=1025"}],"version-history":[{"count":4,"href":"https:\/\/www.camp-vransko.com\/en\/wp-json\/wp\/v2\/pages\/1025\/revisions"}],"predecessor-version":[{"id":2053,"href":"https:\/\/www.camp-vransko.com\/en\/wp-json\/wp\/v2\/pages\/1025\/revisions\/2053"}],"wp:attachment":[{"href":"https:\/\/www.camp-vransko.com\/en\/wp-json\/wp\/v2\/media?parent=1025"}],"curies":[{"name":"wp","href":"https:\/\/api.w.org\/{rel}","templated":true}]}}